{"id":247336,"date":"2024-05-03T15:24:05","date_gmt":"2024-05-03T15:24:05","guid":{"rendered":"https:\/\/inxtoperegrinaciones.com\/?page_id=247336"},"modified":"2026-04-30T18:55:24","modified_gmt":"2026-04-30T18:55:24","slug":"medjugorje","status":"publish","type":"page","link":"https:\/\/inxtoperegrinaciones.com\/en\/medjugorje\/","title":{"rendered":"Medjugorje"},"content":{"rendered":"<div class=\"et_pb_section_0 et_pb_section et_section_regular et_block_section\"><div class=\"et_pb_row_0 et_pb_row et_block_row\"><div class=\"et_pb_column_0 et_pb_column et_pb_column_4_4 et-last-child et_block_column et_pb_css_mix_blend_mode_passthrough\"><div class=\"et_pb_text_0 et_pb_text et_pb_bg_layout_light et_pb_module et_block_module et_pb_text_align_center\"><div class=\"et_pb_text_inner\"><h1>Pilgrimage to Medjugorje<\/h1>\n<\/div><\/div><\/div><\/div><\/div><div class=\"et_pb_section_1 et_pb_section et_section_regular et_block_section\"><div class=\"et_pb_row_1 et_pb_row et_block_row\"><div class=\"et_pb_column_1 et_pb_column et_pb_column_4_4 et-last-child et_block_column et_pb_css_mix_blend_mode_passthrough\"><div class=\"et_pb_text_1 et_pb_text et_pb_bg_layout_light et_pb_module et_block_module et_pb_text_align_center\"><div class=\"et_pb_text_inner\" data-et-mv-hidden-tablet=\"true\" data-et-mv-hidden-phone=\"true\"><p>We take care of all the logistics so that you do not experience a trip, but a pilgrimage to the <strong>land of Mary<\/strong>.<\/p>\n<p>We offer a complete experience: flights, ground transfers, accommodation with full board, audio equipment for live translations, planning of each day, organization of Masses and celebrations, assistance to pilgrims and much more.<\/p>\n<\/div><\/div><div class=\"et_pb_module et_pb_button_module_wrapper et_pb_button_0_wrapper\"><a class=\"et_pb_button_0 et_pb_button et_pb_bg_layout_light et_pb_module et_block_module\" href=\"https:\/\/inxtoperegrinaciones.com\/en\/contacto\/\">LEARN MORE<\/a><\/div><\/div><\/div><\/div><div class=\"et_pb_section_2 et_pb_section et_section_regular et_block_section\"><div class=\"et_pb_row_2 et_pb_row et_pb_equal_columns et_pb_gutters1 et_block_row et_pb_row_fullwidth\"><div class=\"et_pb_column_2 et_pb_column et_pb_column_2_5 et_block_column et_pb_css_mix_blend_mode_passthrough\"><div class=\"et_pb_divider_0 et_pb_divider_hidden et_pb_space et_pb_divider_position_top et_pb_module\"><div class=\"et_pb_divider_internal\"><\/div><\/div><\/div><div class=\"et_pb_column_3 et_pb_column et_pb_column_3_5 et-last-child et_block_column et_pb_css_mix_blend_mode_passthrough\"><div class=\"et_pb_text_2 et_pb_text et_pb_bg_layout_dark et_pb_module et_block_module preset--module--divi-text--82301f7f-916f-40ca-a8f7-295234d626a8\"><div class=\"et_pb_text_inner\"><p><span data-metadata=\"&lt;!--(figmeta)eyJmaWxlS2V5IjoiMWFxdXVvSkZmOVdoOGxwTXNzZzFJbiIsInBhc3RlSUQiOjEwMzE0Mjg5MDIsImRhdGFUeXBlIjoic2NlbmUifQo=(\/figmeta)--&gt;\"><\/span>Why go on pilgrimage to Medjugorje?<\/p>\n<\/div><\/div><div class=\"et_pb_text_3 et_pb_text et_pb_bg_layout_dark et_pb_module et_block_module preset--module--divi-text--82301f7f-916f-40ca-a8f7-295234d626a8\"><div class=\"et_pb_text_inner\"><p><span data-metadata=\"&lt;!--(figmeta)eyJmaWxlS2V5IjoiMWFxdXVvSkZmOVdoOGxwTXNzZzFJbiIsInBhc3RlSUQiOjEwMzE0Mjg5MDIsImRhdGFUeXBlIjoic2NlbmUifQo=(\/figmeta)--&gt;\"><\/span>Since June 24, 1981, <strong>the Virgin Mary, under the title of the Queen of Peace,<\/strong> has been appearing in Medjugorje, Bosnia and Herzegovina. She invites the whole world to conversion and to put God in the first place in order to find peace of heart. And, she invites us to <strong>live the \u201c5 Stones\u201d<\/strong>: <\/p>\n<p>1. Prayer <br \/>2. The Eucharist <br \/>3. Bible reading <br \/>4. Fasting <br \/>5. Confession<\/p>\n<\/div><\/div><\/div><\/div><\/div><div class=\"et_pb_section_3 et_pb_section et_section_regular et_block_section\"><div class=\"et_pb_row_3 et_pb_row et_block_row\"><div class=\"et_pb_column_4 et_pb_column et_pb_column_4_4 et-last-child et_block_column et_pb_css_mix_blend_mode_passthrough\"><div class=\"et_pb_text_4 et_pb_text et_pb_bg_layout_light et_pb_module et_block_module et_pb_text_align_center\"><div class=\"et_pb_text_inner\"><p>Places you will visit<\/p>\n<\/div><\/div><\/div><\/div><\/div><div class=\"et_pb_section_4 et_pb_section et_section_regular et_block_section\"><div class=\"et_pb_row_4 et_pb_row et_pb_row_4col et_pb_equal_columns et_pb_gutters1 et_block_row et_block_row_4col\"><div class=\"et_pb_column_5 et_pb_column et_pb_column_1_4 et_block_column et_pb_css_mix_blend_mode_passthrough\"><div class=\"et_pb_cta_0 et_pb_promo et_pb_bg_layout_dark et_pb_module et_block_module\"><div class=\"et_pb_promo_description\"><h2 class=\"et_pb_module_header\">PODBRDO HILL<\/h2><\/div><\/div><\/div><div class=\"et_pb_column_6 et_pb_column et_pb_column_1_4 et_block_column et_pb_css_mix_blend_mode_passthrough\"><div class=\"et_pb_cta_1 et_pb_promo et_pb_bg_layout_dark et_pb_module et_block_module\"><div class=\"et_pb_promo_description\"><h2 class=\"et_pb_module_header\">KRI\u017dEVAC HILL<\/h2><\/div><\/div><\/div><div class=\"et_pb_column_7 et_pb_column et_pb_column_1_4 et_block_column et_pb_css_mix_blend_mode_passthrough\"><div class=\"et_pb_cta_2 et_pb_promo et_pb_bg_layout_dark et_pb_module et_block_module\"><div class=\"et_pb_promo_description\"><h2 class=\"et_pb_module_header\">SAINT JAMES CHURCH<\/h2><\/div><\/div><\/div><div class=\"et_pb_column_8 et_pb_column et_pb_column_1_4 et-last-child et_block_column et_pb_css_mix_blend_mode_passthrough\"><div class=\"et_pb_cta_3 et_pb_promo et_pb_bg_layout_dark et_pb_module et_block_module\"><div class=\"et_pb_promo_description\"><h2 class=\"et_pb_module_header\">JESUS LEAVING THE CROSS<\/h2><\/div><\/div><\/div><\/div><div class=\"et_pb_row_5 et_pb_row et_pb_row_4col et_pb_equal_columns et_pb_gutters1 et_block_row et_block_row_4col\"><div class=\"et_pb_column_9 et_pb_column et_pb_column_1_4 et_block_column et_pb_css_mix_blend_mode_passthrough\"><div class=\"et_pb_cta_4 et_pb_promo et_pb_bg_layout_dark et_pb_module et_block_module\"><div class=\"et_pb_promo_description\"><h2 class=\"et_pb_module_header\">TIJALINA<\/h2><\/div><\/div><\/div><div class=\"et_pb_column_10 et_pb_column et_pb_column_1_4 et_block_column et_pb_css_mix_blend_mode_passthrough\"><div class=\"et_pb_cta_5 et_pb_promo et_pb_bg_layout_dark et_pb_module et_block_module\"><div class=\"et_pb_promo_description\"><h2 class=\"et_pb_module_header\">SIROKI-BRIEJ<\/h2><\/div><\/div><\/div><div class=\"et_pb_column_11 et_pb_column et_pb_column_1_4 et_block_column et_pb_css_mix_blend_mode_passthrough\"><div class=\"et_pb_cta_6 et_pb_promo et_pb_bg_layout_dark et_pb_module et_block_module\"><div class=\"et_pb_promo_description\"><h2 class=\"et_pb_module_header\">COMUNIT\u00c0 CENACOLO<\/h2><\/div><\/div><\/div><div class=\"et_pb_column_12 et_pb_column et_pb_column_1_4 et-last-child et_block_column et_pb_css_mix_blend_mode_passthrough\"><div class=\"et_pb_cta_7 et_pb_promo et_pb_bg_layout_dark et_pb_module et_block_module\"><div class=\"et_pb_promo_description\"><h2 class=\"et_pb_module_header\">VISIT TO PATRICK AND NANCY<\/h2><\/div><\/div><\/div><\/div><\/div><div class=\"et_pb_section_5 et_pb_section et_section_regular et_block_section\"><div class=\"et_pb_row_6 et_pb_row et_pb_equal_columns et_pb_gutters1 et_block_row et_pb_row_fullwidth\"><div class=\"et_pb_column_13 et_pb_column et_pb_column_2_5 et_block_column et_pb_css_mix_blend_mode_passthrough\"><div class=\"et_pb_divider_1 et_pb_divider_hidden et_pb_space et_pb_divider_position_top et_pb_module\"><div class=\"et_pb_divider_internal\"><\/div><\/div><\/div><div class=\"et_pb_column_14 et_pb_column et_pb_column_3_5 et-last-child et_block_column et_pb_css_mix_blend_mode_passthrough\"><div class=\"et_pb_text_5 et_pb_text et_pb_bg_layout_dark et_pb_module et_block_module preset--module--divi-text--82301f7f-916f-40ca-a8f7-295234d626a8\"><div class=\"et_pb_text_inner\"><p><span data-metadata=\"&lt;!--(figmeta)eyJmaWxlS2V5IjoiMWFxdXVvSkZmOVdoOGxwTXNzZzFJbiIsInBhc3RlSUQiOjEwMzE0Mjg5MDIsImRhdGFUeXBlIjoic2NlbmUifQo=(\/figmeta)--&gt;\"><\/span>Accommodation included<\/p>\n<\/div><\/div><div class=\"et_pb_text_6 et_pb_text et_pb_bg_layout_dark et_pb_module et_block_module preset--module--divi-text--82301f7f-916f-40ca-a8f7-295234d626a8\"><div class=\"et_pb_text_inner\"><p><span data-metadata=\"&lt;!--(figmeta)eyJmaWxlS2V5IjoiMWFxdXVvSkZmOVdoOGxwTXNzZzFJbiIsInBhc3RlSUQiOjEwMzE0Mjg5MDIsImRhdGFUeXBlIjoic2NlbmUifQo=(\/figmeta)--&gt;\"><\/span>Hotels located a <strong>few meters<\/strong> from <strong>Saint James<\/strong> <strong>Church<\/strong>. Includes bed linen, towels and full board (breakfast, lunch and dinner). Wifi available.<\/p>\n<\/div><\/div><\/div><\/div><div class=\"et_pb_row_7 et_pb_row et_pb_equal_columns et_pb_gutters1 et_block_row et_pb_row_fullwidth\"><div class=\"et_pb_column_15 et_pb_column et_pb_column_2_5 et_block_column et_pb_css_mix_blend_mode_passthrough\"><div class=\"et_pb_divider_2 et_pb_divider_hidden et_pb_space et_pb_divider_position_top et_pb_module\"><div class=\"et_pb_divider_internal\"><\/div><\/div><\/div><div class=\"et_pb_column_16 et_pb_column et_pb_column_3_5 et-last-child et_block_column et_pb_css_mix_blend_mode_passthrough\"><div class=\"et_pb_text_7 et_pb_text et_pb_bg_layout_dark et_pb_module et_block_module preset--module--divi-text--82301f7f-916f-40ca-a8f7-295234d626a8\"><div class=\"et_pb_text_inner\"><p><span data-metadata=\"&lt;!--(figmeta)eyJmaWxlS2V5IjoiMWFxdXVvSkZmOVdoOGxwTXNzZzFJbiIsInBhc3RlSUQiOjEwMzE0Mjg5MDIsImRhdGFUeXBlIjoic2NlbmUifQo=(\/figmeta)--&gt;\"><\/span>Air and ground <br \/>transportation included<\/p>\n<\/div><\/div><div class=\"et_pb_text_8 et_pb_text et_pb_bg_layout_dark et_pb_module et_block_module preset--module--divi-text--82301f7f-916f-40ca-a8f7-295234d626a8\"><div class=\"et_pb_text_inner\"><p><span data-metadata=\"&lt;!--(figmeta)eyJmaWxlS2V5IjoiMWFxdXVvSkZmOVdoOGxwTXNzZzFJbiIsInBhc3RlSUQiOjEwMzE0Mjg5MDIsImRhdGFUeXBlIjoic2NlbmUifQo=(\/figmeta)--&gt;\"><\/span>So that you don't have to worry about anything, during the entire pilgrimage we <strong>provide transportation<\/strong> that will take you to each of the places, fulfilling the schedule and providing the security you need.<\/p>\n<\/div><\/div><\/div><\/div><div class=\"et_pb_row_8 et_pb_row et_pb_equal_columns et_pb_gutters1 et_block_row et_pb_row_fullwidth\"><div class=\"et_pb_column_17 et_pb_column et_pb_column_2_5 et_block_column et_pb_css_mix_blend_mode_passthrough\"><div class=\"et_pb_divider_3 et_pb_divider_hidden et_pb_space et_pb_divider_position_top et_pb_module\"><div class=\"et_pb_divider_internal\"><\/div><\/div><\/div><div class=\"et_pb_column_18 et_pb_column et_pb_column_3_5 et-last-child et_block_column et_pb_css_mix_blend_mode_passthrough\"><div class=\"et_pb_text_9 et_pb_text et_pb_bg_layout_dark et_pb_module et_block_module preset--module--divi-text--82301f7f-916f-40ca-a8f7-295234d626a8\"><div class=\"et_pb_text_inner\"><p><span data-metadata=\"&lt;!--(figmeta)eyJmaWxlS2V5IjoiMWFxdXVvSkZmOVdoOGxwTXNzZzFJbiIsInBhc3RlSUQiOjEwMzE0Mjg5MDIsImRhdGFUeXBlIjoic2NlbmUifQo=(\/figmeta)--&gt;\"><\/span>Planning, support and attention to detail<\/p>\n<\/div><\/div><div class=\"et_pb_text_10 et_pb_text et_pb_bg_layout_dark et_pb_module et_block_module preset--module--divi-text--82301f7f-916f-40ca-a8f7-295234d626a8\"><div class=\"et_pb_text_inner\"><p><span data-metadata=\"&lt;!--(figmeta)eyJmaWxlS2V5IjoiMWFxdXVvSkZmOVdoOGxwTXNzZzFJbiIsInBhc3RlSUQiOjEwMzE0Mjg5MDIsImRhdGFUeXBlIjoic2NlbmUifQo=(\/figmeta)--&gt;\"><\/span>Our accompaniment is integral: <strong>we want to help you on your pilgrimage<\/strong>, taking care of the human and spiritual side.<\/p>\n<\/div><\/div><\/div><\/div><\/div><div class=\"et_pb_section_6 et_pb_section et_section_regular et_block_section\"><div class=\"et_pb_row_9 et_pb_row et_block_row\"><div class=\"et_pb_column_19 et_pb_column et_pb_column_4_4 et-last-child et_block_column et_pb_css_mix_blend_mode_passthrough\"><div class=\"et_pb_blurb_0 et_pb_blurb et_pb_bg_layout_light et_pb_text_align_center et_pb_blurb_position_left et_pb_module et_block_module\"><div class=\"et_pb_blurb_content\"><div class=\"et_pb_main_blurb_image\"><span class=\"et_pb_image_wrap et_pb_only_image_mode_wrap\"><img decoding=\"async\" src=\"https:\/\/inxtoperegrinaciones.com\/wp-content\/uploads\/2023\/06\/Vector.svg\" class=\"et_animated wp-image-246756\" \/><\/span><\/div><div class=\"et_pb_blurb_container\"><div class=\"et_pb_blurb_description\"><p>\u201cIf you only knew how much I love you, <br \/><strong>you would cry with joy\u201d <\/strong><\/p>\n<p><em>Our Lady of Peace, Medjugorje<\/em><\/p>\n<\/div><\/div><\/div><\/div><\/div><\/div><\/div><div class=\"et_pb_section_7 et_pb_section et_section_regular et_block_section\"><div class=\"et_pb_row_10 et_pb_row et_block_row\"><div class=\"et_pb_column_20 et_pb_column et_pb_column_4_4 et-last-child et_block_column et_pb_css_mix_blend_mode_passthrough\"><div class=\"et_pb_text_11 et_pb_text et_pb_bg_layout_light et_pb_module et_block_module et_pb_text_align_center\"><div class=\"et_pb_text_inner\" data-et-mv-hidden-phone=\"true\"><p>Do you want to organize your<br \/>pilgrimage to Medjugorje?<\/p>\n<\/div><\/div><div class=\"et_pb_module et_pb_button_module_wrapper et_pb_button_1_wrapper\"><a class=\"et_pb_button_1 et_pb_button et_pb_bg_layout_light et_pb_module et_block_module\" href=\"https:\/\/inxtoperegrinaciones.com\/en\/contacto\/\">CONTACT US<\/a><\/div><\/div><\/div><\/div>","protected":false},"excerpt":{"rendered":"<p>Peregrinaci\u00f3n a Medjugorje. Nos ocupamos de todo lo log\u00edstico para que no vivas un viaje, sino una peregrinaci\u00f3n a la tierra de Mar\u00eda. <\/p>","protected":false},"author":3,"featured_media":247339,"parent":0,"menu_order":0,"comment_status":"closed","ping_status":"closed","template":"","meta":{"_monsterinsights_skip_tracking":false,"_monsterinsights_sitenote_active":false,"_monsterinsights_sitenote_note":"","_monsterinsights_sitenote_category":0,"footnotes":""},"class_list":["post-247336","page","type-page","status-publish","has-post-thumbnail","hentry"],"_links":{"self":[{"href":"https:\/\/inxtoperegrinaciones.com\/en\/wp-json\/wp\/v2\/pages\/247336","targetHints":{"allow":["GET"]}}],"collection":[{"href":"https:\/\/inxtoperegrinaciones.com\/en\/wp-json\/wp\/v2\/pages"}],"about":[{"href":"https:\/\/inxtoperegrinaciones.com\/en\/wp-json\/wp\/v2\/types\/page"}],"author":[{"embeddable":true,"href":"https:\/\/inxtoperegrinaciones.com\/en\/wp-json\/wp\/v2\/users\/3"}],"replies":[{"embeddable":true,"href":"https:\/\/inxtoperegrinaciones.com\/en\/wp-json\/wp\/v2\/comments?post=247336"}],"version-history":[{"count":15,"href":"https:\/\/inxtoperegrinaciones.com\/en\/wp-json\/wp\/v2\/pages\/247336\/revisions"}],"predecessor-version":[{"id":247621,"href":"https:\/\/inxtoperegrinaciones.com\/en\/wp-json\/wp\/v2\/pages\/247336\/revisions\/247621"}],"wp:featuredmedia":[{"embeddable":true,"href":"https:\/\/inxtoperegrinaciones.com\/en\/wp-json\/wp\/v2\/media\/247339"}],"wp:attachment":[{"href":"https:\/\/inxtoperegrinaciones.com\/en\/wp-json\/wp\/v2\/media?parent=247336"}],"curies":[{"name":"wp","href":"https:\/\/api.w.org\/{rel}","templated":true}]}}