{"id":246639,"date":"2023-06-05T17:06:36","date_gmt":"2023-06-05T17:06:36","guid":{"rendered":"http:\/\/inxtoperegrinaciones.com\/?page_id=246639"},"modified":"2025-04-29T18:10:43","modified_gmt":"2025-04-29T18:10:43","slug":"inicio","status":"publish","type":"page","link":"https:\/\/inxtoperegrinaciones.com\/en\/","title":{"rendered":"Home"},"content":{"rendered":"<p>[et_pb_section fb_built=&#8221;1&#8243; disabled_on=&#8221;off|off|off&#8221; admin_label=&#8221;not box inxto&#8221; module_id=&#8221;notice-section&#8221; _builder_version=&#8221;4.24.3&#8243; background_color=&#8221;#002057&#8243; background_color_gradient_start=&#8221;#7c6e74&#8243; background_color_gradient_end=&#8221;#7c6e74&#8243; background_enable_image=&#8221;off&#8221; custom_padding=&#8221;0px||0px||false|false&#8221; collapsed=&#8221;off&#8221; global_colors_info=&#8221;{}&#8221;][et_pb_row _builder_version=&#8221;4.24.3&#8243; width=&#8221;100%&#8221; max_width=&#8221;100%&#8221; custom_padding=&#8221;0px||0px||false|false&#8221; global_colors_info=&#8221;{}&#8221;][et_pb_column type=&#8221;4_4&#8243; _builder_version=&#8221;4.24.3&#8243; global_colors_info=&#8221;{}&#8221;][et_pb_blurb use_icon=&#8221;on&#8221; font_icon=&#8221;&#x4d;||divi||400&#8243; icon_color=&#8221;#ffffff&#8221; image_icon_width=&#8221;40px&#8221; icon_alignment=&#8221;right&#8221; module_class=&#8221;close-notice&#8221; _builder_version=&#8221;4.24.3&#8243; positioning=&#8221;absolute&#8221; position_origin_a=&#8221;top_right&#8221; vertical_offset=&#8221;20px&#8221; horizontal_offset=&#8221;20px&#8221; width=&#8221;40px&#8221; height=&#8221;40px&#8221; icon_font_size=&#8221;40px&#8221; global_colors_info=&#8221;{}&#8221;][\/et_pb_blurb][\/et_pb_column][\/et_pb_row][et_pb_row column_structure=&#8221;1_4,3_4&#8243; custom_padding_last_edited=&#8221;on|tablet&#8221; _builder_version=&#8221;4.24.3&#8243; background_size=&#8221;initial&#8221; background_position=&#8221;top_left&#8221; background_repeat=&#8221;repeat&#8221; max_width=&#8221;700px&#8221; custom_margin_tablet=&#8221;&#8221; custom_margin_phone=&#8221;&#8221; custom_margin_last_edited=&#8221;on|tablet&#8221; custom_padding=&#8221;||||false|false&#8221; custom_padding_tablet=&#8221;2vh||2vh||true|false&#8221; custom_padding_phone=&#8221;2vh||2vh||true|false&#8221; global_colors_info=&#8221;{}&#8221;][et_pb_column type=&#8221;1_4&#8243; _builder_version=&#8221;4.24.3&#8243; _module_preset=&#8221;default&#8221; global_colors_info=&#8221;{}&#8221;][et_pb_image src=&#8221;https:\/\/inxtoperegrinaciones.com\/wp-content\/uploads\/2024\/05\/jubileo2025-e1715615650115.png&#8221; title_text=&#8221;jubileo2025&#8243; align=&#8221;center&#8221; _builder_version=&#8221;4.24.3&#8243; _module_preset=&#8221;default&#8221; width=&#8221;62%&#8221; width_tablet=&#8221;14%&#8221; width_phone=&#8221;22%&#8221; width_last_edited=&#8221;on|phone&#8221; global_colors_info=&#8221;{}&#8221;][\/et_pb_image][\/et_pb_column][et_pb_column type=&#8221;3_4&#8243; _builder_version=&#8221;4.16&#8243; global_colors_info=&#8221;{}&#8221;][et_pb_text _builder_version=&#8221;4.24.3&#8243; text_font=&#8221;Altone-regular||||||||&#8221; text_font_size=&#8221;18px&#8221; header_font=&#8221;||||||||&#8221; header_2_font=&#8221;Altone-Bold||||||||&#8221; header_2_text_align=&#8221;left&#8221; header_2_font_size=&#8221;36px&#8221; header_2_line_height=&#8221;1.3em&#8221; background_color=&#8221;RGBA(255,255,255,0)&#8221; background_layout=&#8221;dark&#8221; header_2_text_align_tablet=&#8221;center&#8221; header_2_text_align_phone=&#8221;center&#8221; header_2_text_align_last_edited=&#8221;on|tablet&#8221; header_2_font_size_tablet=&#8221;34px&#8221; header_2_font_size_phone=&#8221;28px&#8221; header_2_font_size_last_edited=&#8221;on|phone&#8221; text_orientation_tablet=&#8221;center&#8221; text_orientation_phone=&#8221;center&#8221; text_orientation_last_edited=&#8221;on|tablet&#8221; global_colors_info=&#8221;{}&#8221;]<\/p>\n<h2>Jubilee 2025 in Rome<\/h2>\n<p>Select the date of the Jubilee you wish to participate in, and we will handle \u200b\u200b&#8203; <strong>all the arrangements.<\/strong><\/p>\n<p>[\/et_pb_text][et_pb_button button_url=&#8221;@ET-DC@eyJkeW5hbWljIjp0cnVlLCJjb250ZW50IjoicG9zdF9saW5rX3VybF9wYWdlIiwic2V0dGluZ3MiOnsicG9zdF9pZCI6IjI0NzQzNSJ9fQ==@&#8221; button_text=&#8221;Saber m\u00e1s&#8221; button_alignment_tablet=&#8221;center&#8221; button_alignment_phone=&#8221;center&#8221; button_alignment_last_edited=&#8221;on|tablet&#8221; _builder_version=&#8221;4.24.3&#8243; _dynamic_attributes=&#8221;button_url&#8221; custom_button=&#8221;on&#8221; button_text_size=&#8221;16px&#8221; button_text_color=&#8221;#FFFFFF&#8221; button_bg_color=&#8221;#245956&#8243; button_border_width=&#8221;0px&#8221; button_font=&#8221;Altone-regular|||on|||||&#8221; custom_margin=&#8221;||||false|true&#8221; custom_padding=&#8221;||||false|true&#8221; global_colors_info=&#8221;{}&#8221;][\/et_pb_button][et_pb_code _builder_version=&#8221;4.16&#8243; global_colors_info=&#8221;{}&#8221;]<!-- [et_pb_line_break_holder] --><\/p>\n<style><!-- [et_pb_line_break_holder] -->  .close-notice {<!-- [et_pb_line_break_holder] -->    cursor: pointer;<!-- [et_pb_line_break_holder] -->  }<!-- [et_pb_line_break_holder] -->  #notice-section {<!-- [et_pb_line_break_holder] -->    display:none;<!-- [et_pb_line_break_holder] -->  }<!-- [et_pb_line_break_holder] -->  .et-fb-post-content #notice-section {<!-- [et_pb_line_break_holder] -->    display: block !important;<!-- [et_pb_line_break_holder] -->  }<!-- [et_pb_line_break_holder] -->  <!-- [et_pb_line_break_holder] --><\/style>\n<p><!-- [et_pb_line_break_holder] --><!-- [et_pb_line_break_holder] --><script><!-- [et_pb_line_break_holder] --><!-- [et_pb_line_break_holder] -->function storageAvailable(type) {<!-- [et_pb_line_break_holder] -->  try {<!-- [et_pb_line_break_holder] -->      var storage = window[type],<!-- [et_pb_line_break_holder] -->          x = '__storage_test__';<!-- [et_pb_line_break_holder] -->      storage.setItem(x, x);<!-- [et_pb_line_break_holder] -->      storage.removeItem(x);<!-- [et_pb_line_break_holder] -->      return true;<!-- [et_pb_line_break_holder] -->  }<!-- [et_pb_line_break_holder] -->  catch(e) {<!-- [et_pb_line_break_holder] -->      return e instanceof DOMException && (<!-- [et_pb_line_break_holder] -->          \/\/ everything except Firefox<!-- [et_pb_line_break_holder] -->          e.code === 22 ||<!-- [et_pb_line_break_holder] -->          \/\/ Firefox<!-- [et_pb_line_break_holder] -->          e.code === 1014 ||<!-- [et_pb_line_break_holder] -->          \/\/ test name field too, because code might not be present<!-- [et_pb_line_break_holder] -->          \/\/ everything except Firefox<!-- [et_pb_line_break_holder] -->          e.name === 'QuotaExceededError' ||<!-- [et_pb_line_break_holder] -->          \/\/ Firefox<!-- [et_pb_line_break_holder] -->          e.name === 'NS_ERROR_DOM_QUOTA_REACHED') &&<!-- [et_pb_line_break_holder] -->          \/\/ acknowledge QuotaExceededError only if there's something already stored<!-- [et_pb_line_break_holder] -->          storage.length !== 0;<!-- [et_pb_line_break_holder] -->  }<!-- [et_pb_line_break_holder] -->}<!-- [et_pb_line_break_holder] --><!-- [et_pb_line_break_holder] --><!-- [et_pb_line_break_holder] -->jQuery(document).ready(function($) {<!-- [et_pb_line_break_holder] -->  <!-- [et_pb_line_break_holder] -->  var storageAvailable = window.storageAvailable('sessionStorage');<!-- [et_pb_line_break_holder] -->  <!-- [et_pb_line_break_holder] -->  $(\".close-notice\").click(function() {<!-- [et_pb_line_break_holder] -->    $(\"#notice-section\").slideUp();<!-- [et_pb_line_break_holder] -->    if (storageAvailable) {<!-- [et_pb_line_break_holder] -->      sessionStorage.setItem('etNoticeState','hidden'); <!-- [et_pb_line_break_holder] -->    }    <!-- [et_pb_line_break_holder] -->  });<!-- [et_pb_line_break_holder] -->  <!-- [et_pb_line_break_holder] -->  if (storageAvailable) {<!-- [et_pb_line_break_holder] -->    if ('hidden' !== sessionStorage.getItem('etNoticeState')){<!-- [et_pb_line_break_holder] -->      $(\"#notice-section\").show();<!-- [et_pb_line_break_holder] -->    }<!-- [et_pb_line_break_holder] -->  } else {<!-- [et_pb_line_break_holder] -->    $(\"#notice-section\").show();<!-- [et_pb_line_break_holder] -->  }<!-- [et_pb_line_break_holder] -->  <!-- [et_pb_line_break_holder] -->});<!-- [et_pb_line_break_holder] --><!-- [et_pb_line_break_holder] --><\/script>[\/et_pb_code][\/et_pb_column][\/et_pb_row][\/et_pb_section][et_pb_section fb_built=&#8221;1&#8243; _builder_version=&#8221;4.27.4&#8243; _module_preset=&#8221;default&#8221; background_color=&#8221;rgba(0,0,0,0.37)&#8221; background_image=&#8221;https:\/\/inxtoperegrinaciones.com\/wp-content\/uploads\/2023\/09\/inxto_peregrinacionescatolicas_inicio_hero-scaled.jpg&#8221; background_blend=&#8221;color&#8221; hover_enabled=&#8221;0&#8243; custom_css_main_element=&#8221;display: flex;||||flex-direction: column;||||justify-content: center;&#8221; global_colors_info=&#8221;{}&#8221; height=&#8221;90vh&#8221; sticky_enabled=&#8221;0&#8243;][et_pb_row _builder_version=&#8221;4.21.0&#8243; _module_preset=&#8221;default&#8221; global_colors_info=&#8221;{}&#8221;][et_pb_column type=&#8221;4_4&#8243; _builder_version=&#8221;4.21.0&#8243; _module_preset=&#8221;default&#8221; custom_padding=&#8221;||||false|false&#8221; global_colors_info=&#8221;{}&#8221;][et_pb_text _builder_version=&#8221;4.27.4&#8243; _module_preset=&#8221;default&#8221; text_font=&#8221;BigCaslonFB-regular||||||||&#8221; text_text_color=&#8221;#FFFFFF&#8221; text_font_size=&#8221;25px&#8221; header_font=&#8221;Altone-ExtraBold|900|||||||&#8221; header_text_align=&#8221;center&#8221; header_text_color=&#8221;#FFFFFF&#8221; header_font_size=&#8221;40px&#8221; text_orientation=&#8221;center&#8221; custom_margin=&#8221;||||false|false&#8221; custom_padding=&#8221;|70px||70px|false|true&#8221; custom_padding_tablet=&#8221;|0vh||0vh|false|true&#8221; custom_padding_phone=&#8221;|0vh||0vh|false|true&#8221; custom_padding_last_edited=&#8221;on|phone&#8221; header_font_size_tablet=&#8221;40px&#8221; header_font_size_phone=&#8221;30px&#8221; header_font_size_last_edited=&#8221;on|phone&#8221; global_colors_info=&#8221;{}&#8221;]<\/p>\n<h1><span>We work so that your <\/span><span>pilgrimage strengthens <\/span><span>your faith.<\/span><span><\/span><\/h1>\n<p>[\/et_pb_text][et_pb_button button_url=&#8221;https:\/\/inxtoperegrinaciones.com\/empresa#enfoque&#8221; button_text=&#8221;C\u00d3MO TRABAJAMOS&#8221; button_alignment=&#8221;center&#8221; _builder_version=&#8221;4.21.0&#8243; _module_preset=&#8221;default&#8221; custom_button=&#8221;on&#8221; button_text_size=&#8221;17px&#8221; button_text_color=&#8221;#FFFFFF&#8221; button_bg_color=&#8221;#00b4ff&#8221; button_border_width=&#8221;0px&#8221; button_font=&#8221;Altone-regular||||||||&#8221; custom_margin=&#8221;70px||||false|false&#8221; global_colors_info=&#8221;{}&#8221;][\/et_pb_button][\/et_pb_column][\/et_pb_row][\/et_pb_section][et_pb_section fb_built=&#8221;1&#8243; _builder_version=&#8221;4.21.0&#8243; _module_preset=&#8221;default&#8221; min_height=&#8221;228.6px&#8221; global_colors_info=&#8221;{}&#8221;][et_pb_row column_structure=&#8221;1_2,1_2&#8243; _builder_version=&#8221;4.21.0&#8243; _module_preset=&#8221;default&#8221; global_colors_info=&#8221;{}&#8221;][et_pb_column type=&#8221;1_2&#8243; _builder_version=&#8221;4.21.0&#8243; _module_preset=&#8221;default&#8221; global_colors_info=&#8221;{}&#8221;][et_pb_blurb image=&#8221;https:\/\/inxtoperegrinaciones.com\/wp-content\/uploads\/2023\/06\/Vector.svg&#8221; icon_placement=&#8221;left&#8221; image_icon_width=&#8221;148%&#8221; _builder_version=&#8221;4.21.0&#8243; _module_preset=&#8221;default&#8221; body_font=&#8221;BigCaslonFB-regular||||||||&#8221; body_text_align=&#8221;left&#8221; body_text_color=&#8221;#002057&#8243; body_font_size=&#8221;45px&#8221; image_icon_custom_margin=&#8221;-16px|||-47px|false|false&#8221; image_icon_custom_margin_tablet=&#8221;-16px|||-47px|false|false&#8221; image_icon_custom_margin_phone=&#8221;|||-19px|false|false&#8221; image_icon_custom_margin_last_edited=&#8221;on|phone&#8221; custom_margin=&#8221;||||false|false&#8221; custom_padding=&#8221;15px||||false|false&#8221; global_colors_info=&#8221;{}&#8221;]<\/p>\n<p>Pilgrimage +<\/p>\n<p>community<\/p>\n<p>[\/et_pb_blurb][\/et_pb_column][et_pb_column type=&#8221;1_2&#8243; _builder_version=&#8221;4.21.0&#8243; _module_preset=&#8221;default&#8221; global_colors_info=&#8221;{}&#8221;][et_pb_text _builder_version=&#8221;4.21.0&#8243; _module_preset=&#8221;default&#8221; text_font=&#8221;Altone-regular||||||||&#8221; text_text_color=&#8221;#002057&#8243; text_font_size=&#8221;24px&#8221; width=&#8221;100%&#8221; custom_margin=&#8221;|||1px||&#8221; custom_padding=&#8221;|0px||0px||&#8221; global_colors_info=&#8221;{}&#8221;]<\/p>\n<p><span>Our approach is integrative. We want to accompany in a unique way, one on one, <strong>heart to heart<\/strong>, those who embark on this path. Therefore, we offer group and community experiences that favor <strong>sharing, prayer and mutual growth.<\/strong><\/span><\/p>\n<p>[\/et_pb_text][\/et_pb_column][\/et_pb_row][\/et_pb_section][et_pb_section fb_built=&#8221;1&#8243; background_color_gradient_end_1=&#8221;#c7cbd4&#8243; admin_label=&#8221;Principle Quote&#8221; _builder_version=&#8221;4.16&#8243; _module_preset=&#8221;default&#8221; custom_padding=&#8221;0|0px|0|0px|false|false&#8221; locked=&#8221;off&#8221; global_colors_info=&#8221;{}&#8221;][et_pb_row column_structure=&#8221;1_2,1_2&#8243; use_custom_gutter=&#8221;on&#8221; gutter_width=&#8221;1&#8243; make_equal=&#8221;on&#8221; padding_top_bottom_link_1=&#8221;true&#8221; padding_top_bottom_link_2=&#8221;true&#8221; admin_label=&#8221;Two CTA Row&#8221; module_class=&#8221; et_pb_row_fullwidth&#8221; _builder_version=&#8221;4.21.0&#8243; _module_preset=&#8221;default&#8221; width=&#8221;100%&#8221; width_tablet=&#8221;100%&#8221; width_phone=&#8221;&#8221; width_last_edited=&#8221;on|desktop&#8221; max_width=&#8221;100%&#8221; max_width_tablet=&#8221;100%&#8221; max_width_phone=&#8221;&#8221; max_width_last_edited=&#8221;on|desktop&#8221; custom_padding=&#8221;0px|0px|0px|0px&#8221; make_fullwidth=&#8221;on&#8221; global_colors_info=&#8221;{}&#8221;][et_pb_column type=&#8221;1_2&#8243; _builder_version=&#8221;4.21.0&#8243; _module_preset=&#8221;default&#8221; background_color=&#8221;#D3FCF3&#8243; background_color_gradient_direction=&#8221;90deg&#8221; background_image=&#8221;https:\/\/inxtoperegrinaciones.com\/wp-content\/uploads\/2023\/06\/Group-22circulos-inicio-1-1.png&#8221; custom_padding=&#8221;5%|8%|5%|8%|true|true&#8221; custom_padding_tablet=&#8221;|10%||10%||true&#8221; custom_padding_phone=&#8221;&#8221; custom_padding_last_edited=&#8221;on|tablet&#8221; global_colors_info=&#8221;{}&#8221; padding_tablet=&#8221;|10%||10%||true&#8221; padding_last_edited=&#8221;on|tablet&#8221; custom_padding__hover=&#8221;|||&#8221; padding_phone=&#8221;|10%||10%||true&#8221;][et_pb_image src=&#8221;https:\/\/inxtoperegrinaciones.com\/wp-content\/uploads\/2023\/09\/Diseno-sin-titulo.png&#8221; alt=&#8221;Agencia Eremo comunicacion catolica&#8221; title_text=&#8221;Disen\u0303o sin ti\u0301tulo&#8221; align=&#8221;center&#8221; _builder_version=&#8221;4.21.0&#8243; _module_preset=&#8221;default&#8221; custom_margin=&#8221;50px||50px||false|false&#8221; global_colors_info=&#8221;{}&#8221;][\/et_pb_image][\/et_pb_column][et_pb_column type=&#8221;1_2&#8243; _builder_version=&#8221;4.21.0&#8243; _module_preset=&#8221;default&#8221; background_color=&#8221;#F4A739&#8243; background_color_gradient_direction=&#8221;90deg&#8221; background_enable_image=&#8221;off&#8221; custom_padding=&#8221;5%|8%|5%|8%|true|true&#8221; custom_padding_tablet=&#8221;|10%||10%||true&#8221; custom_padding_phone=&#8221;&#8221; custom_padding_last_edited=&#8221;on|tablet&#8221; global_colors_info=&#8221;{}&#8221; padding_tablet=&#8221;|10%||10%||true&#8221; padding_last_edited=&#8221;on|tablet&#8221; custom_padding__hover=&#8221;|||&#8221; padding_phone=&#8221;|10%||10%||true&#8221;][et_pb_text _builder_version=&#8221;4.24.3&#8243; _module_preset=&#8221;default&#8221; text_font=&#8221;BigCaslonFB-regular||||||||&#8221; text_text_color=&#8221;#FFFFFF&#8221; text_font_size=&#8221;45px&#8221; text_orientation=&#8221;center&#8221; custom_margin=&#8221;50px||50px||false|false&#8221; text_font_size_tablet=&#8221;45px&#8221; text_font_size_phone=&#8221;36px&#8221; text_font_size_last_edited=&#8221;on|phone&#8221; text_line_height_tablet=&#8221;&#8221; text_line_height_phone=&#8221;1.4em&#8221; text_line_height_last_edited=&#8221;on|phone&#8221; global_colors_info=&#8221;{}&#8221;]<\/p>\n<p>360\u00b0 Pilgrimages<\/p>\n<p>[\/et_pb_text][et_pb_text admin_label=&#8221;Title&#8221; _builder_version=&#8221;4.21.0&#8243; _module_preset=&#8221;9ee78d97-5833-43f6-beac-727cca304329&#8243; text_font=&#8221;Altone-regular|500|||||||&#8221; text_font_size=&#8221;24px&#8221; text_line_height=&#8221;1.1em&#8221; quote_font=&#8221;||||||||&#8221; header_font=&#8221;||||||||&#8221; header_2_font=&#8221;skin wide bold|700|||||||&#8221; header_2_font_size=&#8221;50px&#8221; header_2_line_height=&#8221;1.4em&#8221; header_5_font=&#8221;Rubik|700||on|||||&#8221; header_5_letter_spacing=&#8221;5px&#8221; header_5_line_height=&#8221;1.2em&#8221; background_layout=&#8221;dark&#8221; max_width=&#8221;600px&#8221; max_width_tablet=&#8221;&#8221; max_width_phone=&#8221;&#8221; max_width_last_edited=&#8221;on|phone&#8221; custom_margin=&#8221;||50px||false|false&#8221; custom_margin_tablet=&#8221;|70px||70px&#8221; custom_margin_phone=&#8221;|50px||50px&#8221; custom_margin_last_edited=&#8221;off|desktop&#8221; custom_padding=&#8221;||||false|false&#8221; text_line_height_last_edited=&#8221;off|desktop&#8221; header_2_font_size_tablet=&#8221;&#8221; header_2_font_size_phone=&#8221;30px&#8221; header_2_font_size_last_edited=&#8221;on|phone&#8221; border_color_all=&#8221;#ff9c02&#8243; border_color_left=&#8221;#ED394A&#8221; locked=&#8221;off&#8221; inline_fonts=&#8221;Sacramento&#8221; global_colors_info=&#8221;{}&#8221;]<\/p>\n<p>We believe that <strong>pilgrimages<\/strong> are a profound and real way of <strong>evangelization.<\/strong> We want to collaborate with this gift of God and place it at the service of the communities, so that people can deepen their relationship with God, with themselves and with others.<\/p>\n<p>The \"<strong>experience<\/strong>\" is special, friendly, accompanying the pilgrim in their different moments.<\/p>\n<p>&nbsp;<\/p>\n<p>[\/et_pb_text][\/et_pb_column][\/et_pb_row][\/et_pb_section][et_pb_section fb_built=&#8221;1&#8243; _builder_version=&#8221;4.21.0&#8243; _module_preset=&#8221;default&#8221; background_image=&#8221;https:\/\/inxtoperegrinaciones.com\/wp-content\/uploads\/2023\/06\/Imagen25-an-os-2-1.svg&#8221; custom_margin=&#8221;||||true|false&#8221; global_colors_info=&#8221;{}&#8221;][et_pb_row _builder_version=&#8221;4.21.0&#8243; _module_preset=&#8221;default&#8221; global_colors_info=&#8221;{}&#8221;][et_pb_column type=&#8221;4_4&#8243; _builder_version=&#8221;4.21.0&#8243; _module_preset=&#8221;default&#8221; global_colors_info=&#8221;{}&#8221;][et_pb_text _builder_version=&#8221;4.24.3&#8243; _module_preset=&#8221;default&#8221; text_font=&#8221;BigCaslonFB-regular||||||||&#8221; text_text_color=&#8221;#002057&#8243; text_font_size=&#8221;38px&#8221; text_line_height=&#8221;1.6em&#8221; text_orientation=&#8221;center&#8221; global_colors_info=&#8221;{}&#8221;]<\/p>\n<p>Let <em>pilgrimages<\/em> be an <em>experience<\/em><\/p>\n<p>[\/et_pb_text][\/et_pb_column][\/et_pb_row][\/et_pb_section][et_pb_section fb_built=&#8221;1&#8243; _builder_version=&#8221;4.24.3&#8243; _module_preset=&#8221;default&#8221; background_color=&#8221;rgba(0,0,0,0.19)&#8221; background_image=&#8221;https:\/\/inxtoperegrinaciones.com\/wp-content\/uploads\/2023\/09\/inxto_peregrinacionescatolicas_inicio_cavaller-scaled.jpg&#8221; background_blend=&#8221;color&#8221; min_height=&#8221;549px&#8221; min_height_tablet=&#8221;50vh&#8221; min_height_phone=&#8221;50vh&#8221; min_height_last_edited=&#8221;on|phone&#8221; custom_css_main_element=&#8221;display: flex;||||flex-direction: column;||||justify-content: center;||min-height: 100vh;&#8221; global_colors_info=&#8221;{}&#8221;][et_pb_row _builder_version=&#8221;4.21.0&#8243; _module_preset=&#8221;default&#8221; custom_css_main_element=&#8221;display: flex;||||flex-direction: column;||||justify-content: center;&#8221; global_colors_info=&#8221;{}&#8221;][et_pb_column type=&#8221;4_4&#8243; _builder_version=&#8221;4.21.0&#8243; _module_preset=&#8221;default&#8221; global_colors_info=&#8221;{}&#8221;][et_pb_text _builder_version=&#8221;4.24.3&#8243; _module_preset=&#8221;default&#8221; text_font=&#8221;Altone-Medium||||||||&#8221; text_text_color=&#8221;#FFFFFF&#8221; header_4_text_color=&#8221;#FFFFFF&#8221; header_4_font_size=&#8221;24px&#8221; text_orientation=&#8221;center&#8221; custom_padding=&#8221;|100px||100px|false|true&#8221; custom_padding_tablet=&#8221;|0vh||0vh|false|true&#8221; custom_padding_phone=&#8221;|0vh||0vh|false|true&#8221; custom_padding_last_edited=&#8221;on|phone&#8221; custom_css_free_form=&#8221;.bold {||    font-weight: 900; ||}&#8221; global_colors_info=&#8221;{}&#8221;]<\/p>\n<h4>\"Ultimately, the <span class=\"bold\">true Holy City <\/span>of Christians is the <span class=\"bold\">Heavenly Jerusalem<\/span>, en la cual est\u00e1 Jes\u00fas resucitado, y hacia la cual nos gu\u00eda en nuestra peregrinaci\u00f3n final.\u201d<\/h4>\n<p>[\/et_pb_text][et_pb_text _builder_version=&#8221;4.21.0&#8243; _module_preset=&#8221;default&#8221; text_text_color=&#8221;#FFFFFF&#8221; text_font_size=&#8221;24px&#8221; header_4_font=&#8221;Altone-Medium||||||||&#8221; header_4_text_align=&#8221;center&#8221; header_4_text_color=&#8221;#FFFFFF&#8221; header_4_font_size=&#8221;24px&#8221; global_colors_info=&#8221;{}&#8221;]<\/p>\n<h4>Msgr. Fernando Cavaller<\/h4>\n<p>[\/et_pb_text][\/et_pb_column][\/et_pb_row][\/et_pb_section]<\/p>","protected":false},"excerpt":{"rendered":"<p>Jubileo 2025 en Roma Eleg\u00ed la fecha del Jubileo en la que quieras participar y nos ocuparemos de organizar todo.Trabajamos para que tu peregrinaci\u00f3n fortalezca tu fe.Peregrinar + comunidadNuestro enfoque es integrador. Queremos acompa\u00f1ar de manera \u00fanica, mano a mano, coraz\u00f3n a coraz\u00f3n, a quien se embarca en este camino. De la misma manera, proponemos [&hellip;]<\/p>","protected":false},"author":3,"featured_media":0,"parent":0,"menu_order":0,"comment_status":"closed","ping_status":"closed","template":"","meta":{"_et_pb_use_builder":"on","_et_pb_old_content":"","_et_gb_content_width":"","_monsterinsights_skip_tracking":false,"_monsterinsights_sitenote_active":false,"_monsterinsights_sitenote_note":"","_monsterinsights_sitenote_category":0,"footnotes":""},"class_list":["post-246639","page","type-page","status-publish","hentry"],"_links":{"self":[{"href":"https:\/\/inxtoperegrinaciones.com\/en\/wp-json\/wp\/v2\/pages\/246639","targetHints":{"allow":["GET"]}}],"collection":[{"href":"https:\/\/inxtoperegrinaciones.com\/en\/wp-json\/wp\/v2\/pages"}],"about":[{"href":"https:\/\/inxtoperegrinaciones.com\/en\/wp-json\/wp\/v2\/types\/page"}],"author":[{"embeddable":true,"href":"https:\/\/inxtoperegrinaciones.com\/en\/wp-json\/wp\/v2\/users\/3"}],"replies":[{"embeddable":true,"href":"https:\/\/inxtoperegrinaciones.com\/en\/wp-json\/wp\/v2\/comments?post=246639"}],"version-history":[{"count":30,"href":"https:\/\/inxtoperegrinaciones.com\/en\/wp-json\/wp\/v2\/pages\/246639\/revisions"}],"predecessor-version":[{"id":247580,"href":"https:\/\/inxtoperegrinaciones.com\/en\/wp-json\/wp\/v2\/pages\/246639\/revisions\/247580"}],"wp:attachment":[{"href":"https:\/\/inxtoperegrinaciones.com\/en\/wp-json\/wp\/v2\/media?parent=246639"}],"curies":[{"name":"wp","href":"https:\/\/api.w.org\/{rel}","templated":true}]}}